{"id":397,"date":"2018-10-14T17:39:48","date_gmt":"2018-10-14T17:39:48","guid":{"rendered":"http:\/\/www.nanuco.com\/?page_id=397"},"modified":"2024-12-27T19:28:23","modified_gmt":"2024-12-27T19:28:23","slug":"kreisklasse-hohenlohe-2018-2019","status":"publish","type":"page","link":"https:\/\/nanuco.com\/?page_id=397","title":{"rendered":"2018\/2019 Kreisklasse"},"content":{"rendered":"<div>\n<p><strong>Kreisklasse Heilbronn Hohenlohe 2018\/2019<\/strong><\/p>\n<div>\n<p>Bad Rappenau &#8211; TSV Gerabronn<\/p>\n<p><span class=\"k\"><div class='chessboard-wrapper'><pre style='display:none;'><textarea id='pgn4web_81d55cae' style='display:none;' cols='40' rows='8'>   [Event \"Kreisklasse Hohenlohe 2018\/2019\"]  [Site \"Bad Rappenau\"]  [Date \"16.09.2018\"]  [Round \"1\"]  [White \"Kern\"]  [Black \"Schmidt\"]  [Result \"1-0\"]   1. d4 Nf6 2. c4 c6 3. Nc3 d5 4. e3 Na6 5. Nf3 Nc7 6. a4 Bg4 7. h3 Bh5 8. c5  e6 9. Be2 Be7 10. b4 O-O 11. Ne5 Bxe2 12. Qxe2 Nd7 13. Nd3 Bf6 14. f4 Bh4+  15. Nf2 f6 16. O-O Bxf2+ 17. Rxf2 e5 18. dxe5 fxe5 19. Bb2 Qe7 20. f5 Rf7 21.  Raf1 Raf8 22. e4 d4 23. Nb1 Nf6 24. Nd2 b5 25. axb5 Nxb5 26. Nc4 Rd8 27. Rd1 Qe8 28. g4 h6 29. Rg2 Nh7 30. h4 Qe7 31. Rh2 Rd7 32. Rd3 Rd8 33. Rg3 Rd7 34. Kg2 Rd8 35. Rh1 Rd7 36. Kh3 Kf8 37. Rd3 Ke8 38. Qh2 Rf6 39. Qxe5 Qxe5 40. Nxe5 Rd8 41. Nf3 Rf7 42. e5 Rfd7 43. Rhd1 Rd5 44. Kg3 Nf8 45. Kf4 g6 46. Ke4 R5d7 47. Bxd4 Nxd4 48. Nxd4 gxf5+ 49. gxf5 Rc7 50. Nf3 Rxd3 51. Rxd3 Rb7 52. Rd4 Nd7 53. Nd2 Ke7 54. Kf4 a6 55. Ne4 Rb8 56. Nd6 Kd8 57. Ne4 Ke7 58. f6+ Kf7 59. Rxd7+     <\/textarea><\/pre><iframe src='https:\/\/nanuco.com\/wp-content\/plugins\/embed-chessboard\/pgn4web\/board.html?am=l&amp;d=3000&amp;ig=f&amp;iv=0&amp;ih=1&amp;ss=26&amp;ps=d&amp;pf=d&amp;lch=F6F6F6&amp;dch=E0E0E0&amp;bbch=E0E0E0&amp;hm=b&amp;hch=ABABAB&amp;bd=c&amp;cbch=F0F0F0&amp;ctch=696969&amp;hd=j&amp;md=f&amp;tm=13&amp;fhch=000000&amp;fhs=14&amp;fmch=000000&amp;fcch=808080&amp;hmch=E0E0E0&amp;fms=14&amp;fcs=m&amp;cd=i&amp;bch=FFFFFF&amp;fp=13&amp;hl=t&amp;fh=250&amp;fw=p&amp;pi=pgn4web_81d55cae' frameborder='0' width='100%' height='250' scrolling='no' marginheight='0' marginwidth='0'>your web browser and\/or your host do not support iframes as required to display the chessboard; alternatively your wordpress theme might suppress the html iframe tag from articles or excerpts<\/iframe><\/div><\/span><\/div>\n<div><\/div>\n<p>TSV Gerabronn &#8211; Bad Friedrichshall<\/p>\n<p><span class=\"k\"><div class='chessboard-wrapper'><pre style='display:none;'><textarea id='pgn4web_b76556f5' style='display:none;' cols='40' rows='8'>   [Event \"Kreisklasse Hohenlohe 2018\/2019\"]  [Site \"Gerabronn\"]   [Date \"14.10.2018\"]   [Round \"2\"]   [White \"Schmidt\"]   [Black \"Riedel\"]   [Result \"0-1\"]   1. c4 e5 2. Nc3 f5 3. g3 Nf6 4. Bg2 Bc5 5. e3 c6 6. Qb3 a6 7. Nge2 d6 8. O-O Qc7 9. d4 Ba7 10. Qc2 O-O 11. b3 Be6 12. Bb2 Qf7 13. Rad1 Qh5 14. Rfe1 Nbd7 15. d5 cxd5 16. Nxd5 Nxd5 17. cxd5 Rac8 18. Qb1 Bf7 19. Ba3 Bc5 20. Bxc5 Rxc5 21. Rc1 Bg6 22. f4 Rfc8 23. Rxc5 Rxc5 24. Qd3 Nf6 25. Nc3 Bf7 26. fxe5 Ng4 27. exd6 Qxh2+ 28. Kf1 Qxg3 29. Qe2 Rxc3 30. d7 Qd6 31. Qd2 Rc7 32. e4 fxe4 33. Rxe4 Nf6 34. Re1 Rxd7 35. Rd1 Bxd5 36. Bxd5+ Qxd5 37. Qxd5+ Rxd5 38. Rc1 Kf7 0-1     <\/textarea><\/pre><iframe src='https:\/\/nanuco.com\/wp-content\/plugins\/embed-chessboard\/pgn4web\/board.html?am=l&amp;d=3000&amp;ig=f&amp;iv=0&amp;ih=1&amp;ss=26&amp;ps=d&amp;pf=d&amp;lch=F6F6F6&amp;dch=E0E0E0&amp;bbch=E0E0E0&amp;hm=b&amp;hch=ABABAB&amp;bd=c&amp;cbch=F0F0F0&amp;ctch=696969&amp;hd=j&amp;md=f&amp;tm=13&amp;fhch=000000&amp;fhs=14&amp;fmch=000000&amp;fcch=808080&amp;hmch=E0E0E0&amp;fms=14&amp;fcs=m&amp;cd=i&amp;bch=FFFFFF&amp;fp=13&amp;hl=t&amp;fh=250&amp;fw=p&amp;pi=pgn4web_b76556f5' frameborder='0' width='100%' height='250' scrolling='no' marginheight='0' marginwidth='0'>your web browser and\/or your host do not support iframes as required to display the chessboard; alternatively your wordpress theme might suppress the html iframe tag from articles or excerpts<\/iframe><\/div><\/span><\/div>\n<div><\/div>\n<div>\n<p>K\u00fcnzelsau &#8211; TSV Gerabronn<\/p>\n<\/div>\n<div>\n<p><span class=\"k\"><div class='chessboard-wrapper'><pre style='display:none;'><textarea id='pgn4web_18d41103' style='display:none;' cols='40' rows='8'>   [Event \"Kreisklasse Hohenlohe 2018\/2019\"]  [Site \"K\u00fcnzelsau\"]  [Date \"11.11.2018\"]  [Round \"3\"]  [White \"Wolschke\"]  [Black \"Schmidt\"]  [Result \"0-1\"]     1. e4 c5 2. Nc3 Nc6 3. Bc4 Nf6 4. d3 e6 5. Nf3 a6 6. a3 b5 7. Ba2 Bb7 8. Bd2   Qc7 9. Ne2 Be7 10. c4 O-O 11. O-O h6 12. Bc3 bxc4 13. Bxc4 d5 14. exd5 exd5   15. Ba2 d4 16. Bd2 Bd6 17. h3 Nd7 18. Qc1 Kh7 19. Bf4 Nde5 20. Nxe5 Nxe5 21.   Qd2 Qc6 22. f3 g5 23. Bh2 f5 24. Rac1 Qe8 25. b4 Rc8 26. bxc5 Bxc5 27. Rce1   Qe7 28. f4 Ng6 29. Kh1 Qf6 30. fxg5 hxg5 31. Ng3 Nh4 32. Ne4 Bxe4 33. dxe4 f4   34. Bg3 Ng6 35. Bh2 Ne5 36. Bb1 Kg7 37.  Bg1 Nc4 38. Qd3 Ne3 39. Bxe3 dxe3 40.   e5 Qh6 41. Qd7+ Kh8 42. Rf3 Rfd8 43. Qf5 Bxa3 44. Rff1 Bb4 45. Rd1 e2 46.   Rxd8+ Rxd8 47. Rg1 e1=Q 48. Rxe1 Bxe1 49. e6 Bb4 50. Qe4 Be7 51. Ba2 g4 52.   Qb7 Rd1+   <\/textarea><\/pre><iframe src='https:\/\/nanuco.com\/wp-content\/plugins\/embed-chessboard\/pgn4web\/board.html?am=l&amp;d=3000&amp;ig=f&amp;iv=0&amp;ih=1&amp;ss=26&amp;ps=d&amp;pf=d&amp;lch=F6F6F6&amp;dch=E0E0E0&amp;bbch=E0E0E0&amp;hm=b&amp;hch=ABABAB&amp;bd=c&amp;cbch=F0F0F0&amp;ctch=696969&amp;hd=j&amp;md=f&amp;tm=13&amp;fhch=000000&amp;fhs=14&amp;fmch=000000&amp;fcch=808080&amp;hmch=E0E0E0&amp;fms=14&amp;fcs=m&amp;cd=i&amp;bch=FFFFFF&amp;fp=13&amp;hl=t&amp;fh=250&amp;fw=p&amp;pi=pgn4web_18d41103' frameborder='0' width='100%' height='250' scrolling='no' marginheight='0' marginwidth='0'>your web browser and\/or your host do not support iframes as required to display the chessboard; alternatively your wordpress theme might suppress the html iframe tag from articles or excerpts<\/iframe><\/div><\/span><\/div>\n<div><\/div>\n<div>\n<p>TSV Gerabronn &#8211; SG Meimsheim-G\u00fcglingen<\/p>\n<p><span class=\"k\"><div class='chessboard-wrapper'><pre style='display:none;'><textarea id='pgn4web_1428d785' style='display:none;' cols='40' rows='8'>   [Event \"Kreisklasse Hohenlohe 2018\/2019\"]  [Site \"Gerabronn\"]  [Date \"16.12.2018\"]  [Round \"4\"]  [White \"Schmidt\"]  [Black \"Weber\"]  [Result \"1-0\"]   1. c4 Nf6 2. Nc3 e5 3. g3 c6 4. Nf3 d6 5. Bg2 Be7 6. O-O O-O 7. a3 Nbd7 8. e4 Rb8  9. b4 b6 10. d4 Bb7 11. Bb2 Qc7 12. Rc1 Rbd8 13. Qe2 Rfe8 14. d5 c5 15. b5 Nf8 16.  Nh4 Ng6 17. Nxg6 fxg6 18. f4 Rf8 19. Nd1 Bc8 20. Ne3 Rde8 21. Rcd1 Nd7 22. Bh3 Bf6  23. f5 g5 24. Bg2 Qd8 25. Qh5 Rf7 26. Rf2 Nf8 27. Rdf1 Qe7 28. Qe2 a6 29. a4 Bb7  30. Bc3 Ra8 31. Ra1 Bc8 32. Qb2 Qd8 33. Qb3 Rfa7 34. Rfa2  Bd7 35. Bf1 Qe8 36. a5 axb5 37. cxb5 bxa5 38. Rxa5 Rxa5 39. Rxa5 Rxa5 40. Bxa5 Qb8  41. b6 Bd8 42. Nc4 Bc8 43. Qb5 Bb7 44. Be2 Be7 45. Bd1 Qc8 46. Ba4 Kf7  47. Bd2 h6 48. Qa5 Nd7 49. Qa7 Nf6 50. Bc6 Nxe4 51. Bxb7 Qxf5 52. Be3 Nc3 53. Nxd6+  Bxd6 54. Bc8+     <\/textarea><\/pre><iframe src='https:\/\/nanuco.com\/wp-content\/plugins\/embed-chessboard\/pgn4web\/board.html?am=l&amp;d=3000&amp;ig=f&amp;iv=0&amp;ih=1&amp;ss=26&amp;ps=d&amp;pf=d&amp;lch=F6F6F6&amp;dch=E0E0E0&amp;bbch=E0E0E0&amp;hm=b&amp;hch=ABABAB&amp;bd=c&amp;cbch=F0F0F0&amp;ctch=696969&amp;hd=j&amp;md=f&amp;tm=13&amp;fhch=000000&amp;fhs=14&amp;fmch=000000&amp;fcch=808080&amp;hmch=E0E0E0&amp;fms=14&amp;fcs=m&amp;cd=i&amp;bch=FFFFFF&amp;fp=13&amp;hl=t&amp;fh=250&amp;fw=p&amp;pi=pgn4web_1428d785' frameborder='0' width='100%' height='250' scrolling='no' marginheight='0' marginwidth='0'>your web browser and\/or your host do not support iframes as required to display the chessboard; alternatively your wordpress theme might suppress the html iframe tag from articles or excerpts<\/iframe><\/div><\/span><\/div>\n<div><\/div>\n<div>\n<div>SV B\u00f6ckingen 2 &#8211; TSV Gerabronn<\/div>\n<div>\n<p><span class=\"k\"><div class='chessboard-wrapper'><pre style='display:none;'><textarea id='pgn4web_f5c6953' style='display:none;' cols='40' rows='8'>   [Event \"Kreisklasse Hohenlohe 2018\/2019\"]  [Site \"B\u00f6ckingen\"]  [Date \"10.02.2019\"]  [Round \"5\"]  [White \"Leiker\"]  [Black \"Schmidt\"]  [Result \"1\/2-1\/2\"]   1. e3 c5 2. Nc3 Nc6 3. Bc4 a6 4. a3 e6 5. Nf3 b5 6. Be2 Bb7 7. O-O Nf6 8. d3 d5 9. Nb1 Be7 10. Nbd2 O-O 11. c3 Qc7 12. h3 c4 13. Re1 Rfd8 14. Qc2 Nd7 15. d4 e5 16. Qf5 Qd6 17. Nf1 Qf6 18. Ng3 g6 19. Qxf6 Bxf6 20. Nh2 e4 21. Rf1 Be7 22. Bd2 f5 23. f3 Rf8 24. fxe4 fxe4 25. Bg4 Nf6 26. Be6+ Kg7 27. Ng4 Nd8 28. Nxf6 Rxf6 29. Rxf6 Bxf6 30. Bg4 h5 31. Bd1 Ne6 32. Ne2 Rf8 33. a4 Ra8 34.  axb5 axb5 35. Rxa8 Bxa8 36. b3 Bc6     <\/textarea><\/pre><iframe src='https:\/\/nanuco.com\/wp-content\/plugins\/embed-chessboard\/pgn4web\/board.html?am=l&amp;d=3000&amp;ig=f&amp;iv=0&amp;ih=1&amp;ss=26&amp;ps=d&amp;pf=d&amp;lch=F6F6F6&amp;dch=E0E0E0&amp;bbch=E0E0E0&amp;hm=b&amp;hch=ABABAB&amp;bd=c&amp;cbch=F0F0F0&amp;ctch=696969&amp;hd=j&amp;md=f&amp;tm=13&amp;fhch=000000&amp;fhs=14&amp;fmch=000000&amp;fcch=808080&amp;hmch=E0E0E0&amp;fms=14&amp;fcs=m&amp;cd=i&amp;bch=FFFFFF&amp;fp=13&amp;hl=t&amp;fh=250&amp;fw=p&amp;pi=pgn4web_f5c6953' frameborder='0' width='100%' height='250' scrolling='no' marginheight='0' marginwidth='0'>your web browser and\/or your host do not support iframes as required to display the chessboard; alternatively your wordpress theme might suppress the html iframe tag from articles or excerpts<\/iframe><\/div><\/span><\/div>\n<\/div>\n<div><\/div>\n<div>TSV Gerabronn &#8211; SV Ivanchuk<\/div>\n<div><span class=\"k\"><div class='chessboard-wrapper'><pre style='display:none;'><textarea id='pgn4web_17fcc3dc' style='display:none;' cols='40' rows='8'>         [Event \"Kreisklasse Hohenlohe 2018\/2019\"]  [Site \"Gerabronn\"]  [Date \"24.02.2019\"]  [Round \"6\"]  [White \"Schmidt\"]  [Black \"Zovkic\"]  [Result \"1-0\"]   1. c4 e5 2. Nc3 d6 3. g3 Nf6 4. Bg2 c6 5. d3 h6 6. Nf3 Bg4 7. O-O Qd7 8. a3 Bh3 9. b4 Bxg2 10. Kxg2 Qe6 11. Bb2 e4 12. Nd2 e3 13. Nde4 Nxe4 14. Nxe4 exf2 15. Rxf2 d5 16. cxd5 Qxd5 17. Kg1 Nd7 18. Qc2 O-O-O 19. Rb1 Rg8 20. b5 Qxb5 21. Bxg7 Qd5 22. Bxf8 Rgxf8 23. Qb2 b6 24. a4 f5 25. Nc3 Qd4 26. Qc2 Kb7 27. Kg2 Ne5 28. Rf4 Qc5 29. h3 Ng6 30. Rc4 Qe7 31. a5 b5 32. Nxb5 cxb5 33. Rxb5+ Ka8 34. Rc7 Qe6 35. Rbb7 Qd5+ 36. Kh2 Qxb7 37. Rxb7 Kxb7 38. Qb3+ Kc7 39. Qc4+ Kd6 40. Qa6+ Ke5 41. Qxg6 Rf6 42. Qg7 Rd6 43. Qxa7 Ra6 44. Qc7+ Kd4 45. Kg2 Ke3 46. Kf1 Rac6 47. Qf4#     <\/textarea><\/pre><iframe src='https:\/\/nanuco.com\/wp-content\/plugins\/embed-chessboard\/pgn4web\/board.html?am=l&amp;d=3000&amp;ig=f&amp;iv=0&amp;ih=1&amp;ss=26&amp;ps=d&amp;pf=d&amp;lch=F6F6F6&amp;dch=E0E0E0&amp;bbch=E0E0E0&amp;hm=b&amp;hch=ABABAB&amp;bd=c&amp;cbch=F0F0F0&amp;ctch=696969&amp;hd=j&amp;md=f&amp;tm=13&amp;fhch=000000&amp;fhs=14&amp;fmch=000000&amp;fcch=808080&amp;hmch=E0E0E0&amp;fms=14&amp;fcs=m&amp;cd=i&amp;bch=FFFFFF&amp;fp=13&amp;hl=t&amp;fh=250&amp;fw=p&amp;pi=pgn4web_17fcc3dc' frameborder='0' width='100%' height='250' scrolling='no' marginheight='0' marginwidth='0'>your web browser and\/or your host do not support iframes as required to display the chessboard; alternatively your wordpress theme might suppress the html iframe tag from articles or excerpts<\/iframe><\/div><\/span><\/div>\n<\/div>\n<\/div>\n<div><\/div>\n<div>\n<div>SC Neckarsulm &#8211;\u00a0 TSV Gerabronn<\/div>\n<div><span class=\"k\"><div class='chessboard-wrapper'><pre style='display:none;'><textarea id='pgn4web_f8dbb848' style='display:none;' cols='40' rows='8'>         [Event \"Kreisklasse Hohenlohe 2018\/2019\"]   [Site \"Neckarsulm\"]           [Date \"2019.3.17\"]   [Round \"7\"]   [White \"Leiensetter\"]   [Black \"Schmidt\"]   [Result \"1-0\"]   1. d4 Nf6 2. Bf4 e6 3. e3 c5 4. c3 d5 5. Nd2 Nc6 6. Ngf3 Be7 7. Bd3 O-O 8.   Ne5 Bd7 9. g4 Nxe5 10. dxe5 Ne8 11. g5 g6 12. h4 Ng7 13. Qg4 Nh5 14. Nf1 d4   15. Ng3 Bc6 16. O-O Nxg3 17. fxg3 Qd5 18. e4 Qd7 19. c4 a6 20. Rf2 b5 21. b3   bxc4 22. bxc4 Rab8 23. h5 Kg7 24. Qh4 Rh8 25. Raf1 Bd8 26. Bc1 Rb7 27. Ba3   Bb6 28. Qf4 Qe8 29. Rb2 Bd8 30. h6+ Kg8 31. Rxb7 Bxb7 32. Bxc5 Qd7 33. Bd6   Bc8 34. c5 f5 35. exf5 exf5 36. Bc4+\u00a0   <\/textarea><\/pre><iframe src='https:\/\/nanuco.com\/wp-content\/plugins\/embed-chessboard\/pgn4web\/board.html?am=l&amp;d=3000&amp;ig=f&amp;iv=0&amp;ih=1&amp;ss=26&amp;ps=d&amp;pf=d&amp;lch=F6F6F6&amp;dch=E0E0E0&amp;bbch=E0E0E0&amp;hm=b&amp;hch=ABABAB&amp;bd=c&amp;cbch=F0F0F0&amp;ctch=696969&amp;hd=j&amp;md=f&amp;tm=13&amp;fhch=000000&amp;fhs=14&amp;fmch=000000&amp;fcch=808080&amp;hmch=E0E0E0&amp;fms=14&amp;fcs=m&amp;cd=i&amp;bch=FFFFFF&amp;fp=13&amp;hl=t&amp;fh=250&amp;fw=p&amp;pi=pgn4web_f8dbb848' frameborder='0' width='100%' height='250' scrolling='no' marginheight='0' marginwidth='0'>your web browser and\/or your host do not support iframes as required to display the chessboard; alternatively your wordpress theme might suppress the html iframe tag from articles or excerpts<\/iframe><\/div><\/span><\/p>\n<p>SC Heilbronn-Biberach 2 &#8211;\u00a0 TSV Gerabronn<\/p>\n<p><span class=\"k\"><div class='chessboard-wrapper'><pre style='display:none;'><textarea id='pgn4web_6bcf770' style='display:none;' cols='40' rows='8'>   [Event \" Kreisklasse Hohenlohe 2018\/2019 \"]  [Site \"Heilbronn-Biberach\"]  [Date \"07.04.2019\"]  [Round \"8\"]  [White \"Link\"]  [Black \"Schmidt\"]  [Result \"0-1\"]   1. e4 c5 2. c3 d5 3. exd5 Qxd5 4. Nf3 Bg4 5. Be2 Nf6 6. O-O Nc6 7. d4 cxd4 8.  Nxd4 Nxd4 9. Bxg4 Nxg4 10. Qxd4 Qxd4 11. cxd4 h6 12. Nc3 Kd7 13. Be3 Nf6 14. Rac1 a6 15. Na4 Nd5 16. Nc5+ Ke8 17. b3 Rb8 18. a4 e6 19. Rfe1 Bd6? 20. Nxb7 Ke7 21. Nxd6 Kxd6 22. Rc2 Rhc8 23. Rxc8 Rxc8 24. Rc1 Rb8 25. Rb1 Rb7 26. Kf1 Nc3 27. Rc1 Rxb3 28. Ra1 Rb1+ 29. Rxb1 Nxb1 30. Ke1 Nc3 31. a5 Kd5 32. Kd2 Kc4 33. Kc2 Nb5 34. h4 Nxd4+ 35. Bxd4 Kxd4 36. Kb3 Kc5 37. Ka4 g5 38. h5 f5 39. Kb3 Kb5 40. Kc3 Kxa5 41. Kd4 Kb5 42. Ke5 a5 43. Kxe6 a4 44. Kxf5 a3 45. Kg6 a2 46. Kxh6 g4 47. Kg5 a1=Q 48. Kxg4 Qg7+ 49. Kh3 Qg5 50. g4 Qf4 51. Kh4 Kc5 52. h6 Qxh6+ 53. Kg3 Kd5 54. f4 Ke4 55. g5 Qh5 0-1       <\/textarea><\/pre><iframe src='https:\/\/nanuco.com\/wp-content\/plugins\/embed-chessboard\/pgn4web\/board.html?am=l&amp;d=3000&amp;ig=f&amp;iv=0&amp;ih=1&amp;ss=26&amp;ps=d&amp;pf=d&amp;lch=F6F6F6&amp;dch=E0E0E0&amp;bbch=E0E0E0&amp;hm=b&amp;hch=ABABAB&amp;bd=c&amp;cbch=F0F0F0&amp;ctch=696969&amp;hd=j&amp;md=f&amp;tm=13&amp;fhch=000000&amp;fhs=14&amp;fmch=000000&amp;fcch=808080&amp;hmch=E0E0E0&amp;fms=14&amp;fcs=m&amp;cd=i&amp;bch=FFFFFF&amp;fp=13&amp;hl=t&amp;fh=250&amp;fw=p&amp;pi=pgn4web_6bcf770' frameborder='0' width='100%' height='250' scrolling='no' marginheight='0' marginwidth='0'>your web browser and\/or your host do not support iframes as required to display the chessboard; alternatively your wordpress theme might suppress the html iframe tag from articles or excerpts<\/iframe><\/div><\/span><\/div>\n<\/div>\n<\/div>\n<div><\/div>\n<div>TSV Gerabronn &#8211; SC Widdern<\/div>\n<div>\n<p><span class=\"k\"><div class='chessboard-wrapper'><pre style='display:none;'><textarea id='pgn4web_53872cc2' style='display:none;' cols='40' rows='8'>   [Event \"Kreisklasse Hohenlohe 2018\/2019\"]  [Site \"Gerabronn\"]  [Date \"05.05.2019\"]  [Round \"9\"]  [White \"Schmidt\"]  [Black \"Bopp\"]  [Result \"1-0\"]   1. c4 c6 2. e4 e5 3. Nf3 d6 4. Nc3 Be7 5. a3 Nf6 6. h3 O-O 7. b4 Nbd7 8. Be2 b6 9. O-O Bb7 10. Bb2 Qc7 11. Rc1 Rad8 12. Qc2 Qb8 13. d4 g6 14. d5 c5 15. b5 Nh5 16. g3 Ng7 17. Qd2 f5 18. Rce1 f4 19. Nh2 Bc8 20. g4 Nf6 21. f3 Bd7 22. Ra1 Qc8 23. a4 h5 24. a5 hxg4 25. hxg4 Nfh5 26. Bd3 Ng3 27. Rfb1 Qc7 28. axb6 axb6 29. Ra6 Bc8 30. Ra2 Bb7 31. Rba1 Rb8 32. Ne2 Bh4 33. Kg2 Kf7 34. Nxf4 exf4 35. Qxf4+ Kg8 36. Qh6 g5 37. e5 N7f5 38. Bxf5 Nxf5 39. Qe6+ Qf7 40. gxf5 Rbe8 41. Qxf7+ Rxf7 42. f6 dxe5 43. Ng4 e4 44. Nh6+ Kf8 45. Nxf7 exf3+ 46. Kxf3 Kxf7 47. Ra7   <\/textarea><\/pre><iframe src='https:\/\/nanuco.com\/wp-content\/plugins\/embed-chessboard\/pgn4web\/board.html?am=l&amp;d=3000&amp;ig=f&amp;iv=0&amp;ih=1&amp;ss=26&amp;ps=d&amp;pf=d&amp;lch=F6F6F6&amp;dch=E0E0E0&amp;bbch=E0E0E0&amp;hm=b&amp;hch=ABABAB&amp;bd=c&amp;cbch=F0F0F0&amp;ctch=696969&amp;hd=j&amp;md=f&amp;tm=13&amp;fhch=000000&amp;fhs=14&amp;fmch=000000&amp;fcch=808080&amp;hmch=E0E0E0&amp;fms=14&amp;fcs=m&amp;cd=i&amp;bch=FFFFFF&amp;fp=13&amp;hl=t&amp;fh=250&amp;fw=p&amp;pi=pgn4web_53872cc2' frameborder='0' width='100%' height='250' scrolling='no' marginheight='0' marginwidth='0'>your web browser and\/or your host do not support iframes as required to display the chessboard; alternatively your wordpress theme might suppress the html iframe tag from articles or excerpts<\/iframe><\/div><\/span><\/p>\n<\/div>\n<div>\n<div><\/div>\n<\/div>\n<div><\/div>\n","protected":false},"excerpt":{"rendered":"<p>Kreisklasse Heilbronn Hohenlohe 2018\/2019 Bad Rappenau &#8211; TSV Gerabronn TSV Gerabronn &#8211; Bad Friedrichshall K\u00fcnzelsau &#8211; TSV Gerabronn TSV Gerabronn &#8211; SG Meimsheim-G\u00fcglingen SV B\u00f6ckingen 2 &#8211; TSV Gerabronn TSV Gerabronn &#8211; SV Ivanchuk SC Neckarsulm &#8211;\u00a0 TSV Gerabronn SC<\/p>\n","protected":false},"author":1,"featured_media":0,"parent":277,"menu_order":1,"comment_status":"closed","ping_status":"closed","template":"","meta":{"footnotes":""},"class_list":["post-397","page","type-page","status-publish","hentry"],"_links":{"self":[{"href":"https:\/\/nanuco.com\/index.php?rest_route=\/wp\/v2\/pages\/397","targetHints":{"allow":["GET"]}}],"collection":[{"href":"https:\/\/nanuco.com\/index.php?rest_route=\/wp\/v2\/pages"}],"about":[{"href":"https:\/\/nanuco.com\/index.php?rest_route=\/wp\/v2\/types\/page"}],"author":[{"embeddable":true,"href":"https:\/\/nanuco.com\/index.php?rest_route=\/wp\/v2\/users\/1"}],"replies":[{"embeddable":true,"href":"https:\/\/nanuco.com\/index.php?rest_route=%2Fwp%2Fv2%2Fcomments&post=397"}],"version-history":[{"count":10,"href":"https:\/\/nanuco.com\/index.php?rest_route=\/wp\/v2\/pages\/397\/revisions"}],"predecessor-version":[{"id":1498,"href":"https:\/\/nanuco.com\/index.php?rest_route=\/wp\/v2\/pages\/397\/revisions\/1498"}],"up":[{"embeddable":true,"href":"https:\/\/nanuco.com\/index.php?rest_route=\/wp\/v2\/pages\/277"}],"wp:attachment":[{"href":"https:\/\/nanuco.com\/index.php?rest_route=%2Fwp%2Fv2%2Fmedia&parent=397"}],"curies":[{"name":"wp","href":"https:\/\/api.w.org\/{rel}","templated":true}]}}