{"id":642,"date":"2018-11-10T14:41:02","date_gmt":"2018-11-10T14:41:02","guid":{"rendered":"http:\/\/www.nanuco.com\/?page_id=642"},"modified":"2025-01-06T09:51:43","modified_gmt":"2025-01-06T09:51:43","slug":"reisen-2018","status":"publish","type":"page","link":"https:\/\/nanuco.com\/?page_id=642","title":{"rendered":"Reisen"},"content":{"rendered":"\n<div class=\"wp-block-columns is-layout-flex wp-container-core-columns-is-layout-28f84493 wp-block-columns-is-layout-flex\">\n<div class=\"wp-block-column is-layout-flow wp-block-column-is-layout-flow\" style=\"flex-basis:33.33%\">\n<p>L\u00e4nder besucht bisher: 35<\/p>\n<\/div>\n\n\n\n<div class=\"wp-block-column is-layout-flow wp-block-column-is-layout-flow\" style=\"flex-basis:66.66%\"><div class=\"map_wrapper\" id=\"map_wrapper_1292\">\n<div class=\"map_box\" style=\"max-width:2000px\">\n<div class=\"map_aspect_ratio\" style=\"padding-top:56%\" data-padding-top=\"56%\" data-padding-top-mobile=\"0%\">\n<div class=\"map_container\">\n<div class=\"map_render map_loading\" id=\"map_1292\"><\/div>\n<\/div>\n<\/div>\n<\/div>\n<\/div>\n<\/div>\n<\/div>\n\n\n\n<div class=\"wp-block-columns is-layout-flex wp-container-core-columns-is-layout-28f84493 wp-block-columns-is-layout-flex\">\n<div class=\"wp-block-column is-layout-flow wp-block-column-is-layout-flow\" style=\"flex-basis:66.66%\">\n<figure class=\"wp-block-table alignleft is-style-stripes has-small-font-size\"><table class=\"has-black-color has-text-color has-link-color\"><tbody><tr><td>Jahr<\/td><td>Reisen <\/td><td>Unterschiedliche L\u00e4nder<\/td><td>Unterschiedliche St\u00e4dte<\/td><\/tr><tr><td>2025<\/td><td><\/td><td><\/td><td><\/td><\/tr><tr><td>2024<\/td><td>24<\/td><td>5<\/td><td>23<\/td><\/tr><tr><td>2023<\/td><td>20<\/td><td>6<\/td><td>12<\/td><\/tr><tr><td>2022<\/td><td><\/td><td><\/td><td><\/td><\/tr><\/tbody><\/table><\/figure>\n<\/div>\n\n\n\n<div class=\"wp-block-column is-layout-flow wp-block-column-is-layout-flow\" style=\"flex-basis:33.33%\">\n<p class=\"has-small-font-size\">Nur Reisen mit entweder einer \u00dcbernachtung oder dem Besuch bei einem Event (Privat oder Gesch\u00e4ftlich)<\/p>\n\n\n\n<p class=\"has-small-font-size\">Zugriff auf die Seiten mit den Details nur mit User-ID und Passwort<\/p>\n<\/div>\n<\/div>\n","protected":false},"excerpt":{"rendered":"<p>L\u00e4nder besucht bisher: 35 Jahr Reisen Unterschiedliche L\u00e4nder Unterschiedliche St\u00e4dte 2025 2024 24 5 23 2023 20 6 12 2022 Nur Reisen mit entweder einer \u00dcbernachtung oder dem Besuch bei einem Event (Privat oder Gesch\u00e4ftlich) Zugriff auf die Seiten mit<\/p>\n","protected":false},"author":1,"featured_media":0,"parent":0,"menu_order":0,"comment_status":"closed","ping_status":"closed","template":"","meta":{"footnotes":""},"class_list":["post-642","page","type-page","status-publish","hentry"],"_links":{"self":[{"href":"https:\/\/nanuco.com\/index.php?rest_route=\/wp\/v2\/pages\/642","targetHints":{"allow":["GET"]}}],"collection":[{"href":"https:\/\/nanuco.com\/index.php?rest_route=\/wp\/v2\/pages"}],"about":[{"href":"https:\/\/nanuco.com\/index.php?rest_route=\/wp\/v2\/types\/page"}],"author":[{"embeddable":true,"href":"https:\/\/nanuco.com\/index.php?rest_route=\/wp\/v2\/users\/1"}],"replies":[{"embeddable":true,"href":"https:\/\/nanuco.com\/index.php?rest_route=%2Fwp%2Fv2%2Fcomments&post=642"}],"version-history":[{"count":10,"href":"https:\/\/nanuco.com\/index.php?rest_route=\/wp\/v2\/pages\/642\/revisions"}],"predecessor-version":[{"id":1604,"href":"https:\/\/nanuco.com\/index.php?rest_route=\/wp\/v2\/pages\/642\/revisions\/1604"}],"wp:attachment":[{"href":"https:\/\/nanuco.com\/index.php?rest_route=%2Fwp%2Fv2%2Fmedia&parent=642"}],"curies":[{"name":"wp","href":"https:\/\/api.w.org\/{rel}","templated":true}]}}